{"id":193,"date":"2022-10-02T20:18:37","date_gmt":"2022-10-02T18:18:37","guid":{"rendered":"https:\/\/bricehercouet.fr\/site\/?page_id=193"},"modified":"2026-03-09T23:45:02","modified_gmt":"2026-03-09T22:45:02","slug":"contact","status":"publish","type":"page","link":"https:\/\/bricehercouet.fr\/site\/contact\/","title":{"rendered":"Contact"},"content":{"rendered":"\n<div class=\"et_pb_section_0 et_pb_section et_section_regular et_block_section et_pb_section_parallax section_has_divider et_pb_bottom_divider\"><span class=\"et-pb-parallax-wrapper\"><span class=\"et-pb-parallax-background et-pb-parallax-background-module--divi-section-0\" style=\"background-image:url(https:\/\/bricehercouet.fr\/site\/wp-content\/uploads\/2021\/12\/Fond-5.svg)\"><\/span><\/span><div class=\"et_pb_row_0 et_pb_row et_block_row\"><div class=\"et_pb_column_0 et_pb_column et_pb_column_4_4 et-last-child et_block_column et_pb_css_mix_blend_mode_passthrough\"><div class=\"et_pb_image_0 et_pb_image et_pb_module et_block_module\"><a href=\"https:\/\/bricehercouet.fr\/site\/\"><span class=\"et_pb_image_wrap\"><img loading=\"lazy\" decoding=\"async\" src=\"https:\/\/bricehercouet.fr\/site\/wp-content\/uploads\/2021\/12\/Brice-Hercouet-logo-2022-v4-blanc-1.svg\" width=\"100\" height=\"100\" srcset=\"https:\/\/bricehercouet.fr\/site\/wp-content\/uploads\/2021\/12\/Brice-Hercouet-logo-2022-v4-blanc-1.svg 100w\" sizes=\"(min-width: 0px) and (max-width: 0px) 0px, (min-width: 1px) 100px, 100vw\" class=\"wp-image-77\" title=\"Brice Hercouet - logo 2022 v4 (blanc)\" \/><\/span><\/a><\/div><div class=\"et_pb_text_0 et_pb_text et_pb_bg_layout_dark et_pb_module et_block_module et_pb_text_align_center\"><div class=\"et_pb_text_inner\"><p>Cr\u00e9ateur de sites web et r\u00e9alisateur de vid\u00e9os live<\/p>\n<\/div><\/div><\/div><\/div><div class=\"et_pb_bottom_inside_divider et-no-transition\"><\/div><\/div><div class=\"et_pb_section_1 et_pb_section et_section_regular et_block_section dc_inverser_colonnes-section\" id=\"Ancre_1\"><div class=\"et_pb_row_1 et_pb_row et_pb_gutters2 et_block_row dc_inverser_colonnes-ligne\"><div class=\"et_pb_column_1 et_pb_column et_pb_column_4_4 et-last-child et_block_column et_pb_css_mix_blend_mode_passthrough\"><div class=\"et_pb_module et_pb_button_module_wrapper et_pb_button_0_wrapper\"><a class=\"et_pb_button_0 et_pb_button et_pb_bg_layout_dark et_pb_module et_block_module\" href=\"#\">Contactez-moi<\/a><\/div><div class=\"et_pb_module et_d4_element wpforms_selector wpforms_selector_0\">\n\t\t\t\t\n\t\t\t\t\n\t\t\t\t\n\t\t\t\t\n\t\t\t\t\n\t\t\t\t\n\t\t\t\t<div class=\"et_pb_module_inner\">\n\t\t\t\t\t<div class=\"wpforms-container wpforms-container-full\" id=\"wpforms-188\"><form id=\"wpforms-form-188\" class=\"wpforms-validate wpforms-form wpforms-ajax-form\" data-formid=\"188\" method=\"post\" enctype=\"multipart\/form-data\" action=\"\/site\/wp-json\/wp\/v2\/pages\/193\" data-token=\"fa9b1df8ffbcb82f602606f18523bd21\"><noscript class=\"wpforms-error-noscript\">Veuillez activer JavaScript dans votre navigateur pour remplir ce formulaire.<\/noscript><div class=\"wpforms-field-container\"><div id=\"wpforms-188-field_0-container\" class=\"wpforms-field wpforms-field-name\" data-field-id=\"0\"><label class=\"wpforms-field-label\" for=\"wpforms-188-field_0\">Pr\u00e9nom, Nom <span class=\"wpforms-required-label\">*<\/span><\/label><div class=\"wpforms-field-row wpforms-field-medium\"><div class=\"wpforms-field-row-block wpforms-first wpforms-one-half\"><input type=\"text\" id=\"wpforms-188-field_0\" class=\"wpforms-field-name-first wpforms-field-required\" name=\"wpforms[fields][0][first]\" required><label for=\"wpforms-188-field_0\" class=\"wpforms-field-sublabel after \">Pr\u00e9nom<\/label><\/div><div class=\"wpforms-field-row-block wpforms-one-half\"><input type=\"text\" id=\"wpforms-188-field_0-last\" class=\"wpforms-field-name-last wpforms-field-required\" name=\"wpforms[fields][0][last]\" required><label for=\"wpforms-188-field_0-last\" class=\"wpforms-field-sublabel after \">Nom<\/label><\/div><\/div><\/div><div id=\"wpforms-188-field_3-container\" class=\"wpforms-field wpforms-field-phone\" data-field-id=\"3\"><label class=\"wpforms-field-label\" for=\"wpforms-188-field_3\">T\u00e9l\u00e9phone <span class=\"wpforms-required-label\">*<\/span><\/label><input type=\"tel\" id=\"wpforms-188-field_3\" class=\"wpforms-field-medium wpforms-field-required wpforms-smart-phone-field\" data-rule-smart-phone-field=\"true\" name=\"wpforms[fields][3]\" required><\/div><div id=\"wpforms-188-field_1-container\" class=\"wpforms-field wpforms-field-email\" data-field-id=\"1\"><label class=\"wpforms-field-label\" for=\"wpforms-188-field_1\">E-mail <span class=\"wpforms-required-label\">*<\/span><\/label><input type=\"email\" id=\"wpforms-188-field_1\" class=\"wpforms-field-medium wpforms-field-required\" name=\"wpforms[fields][1]\" required><\/div><div id=\"wpforms-188-field_6-container\" class=\"wpforms-field wpforms-field-checkbox\" data-field-id=\"6\"><label class=\"wpforms-field-label\" for=\"wpforms-188-field_6\">Par quelle(s) prestation(s) \u00eates-vous int\u00e9ress\u00e9 ? <span class=\"wpforms-required-label\">*<\/span><\/label><ul id=\"wpforms-188-field_6\" class=\"wpforms-field-required\"><li class=\"choice-1 depth-1\"><input type=\"checkbox\" id=\"wpforms-188-field_6_1\" name=\"wpforms[fields][6][]\" value=\"Cr\u00e9ation d&#039;un site web\" required ><label class=\"wpforms-field-label-inline\" for=\"wpforms-188-field_6_1\">Cr\u00e9ation d'un site web<\/label><\/li><li class=\"choice-2 depth-1\"><input type=\"checkbox\" id=\"wpforms-188-field_6_2\" name=\"wpforms[fields][6][]\" value=\"R\u00e9alisation d&#039;une vid\u00e9o live ou d&#039;un webinaire\" required ><label class=\"wpforms-field-label-inline\" for=\"wpforms-188-field_6_2\">R\u00e9alisation d'une vid\u00e9o live ou d'un webinaire<\/label><\/li><\/ul><\/div><div id=\"wpforms-188-field_2-container\" class=\"wpforms-field wpforms-field-textarea\" data-field-id=\"2\"><label class=\"wpforms-field-label\" for=\"wpforms-188-field_2\">Commentaire ou message<\/label><textarea id=\"wpforms-188-field_2\" class=\"wpforms-field-medium\" name=\"wpforms[fields][2]\" ><\/textarea><\/div><div id=\"wpforms-188-field_5-container\" class=\"wpforms-field wpforms-field-gdpr-checkbox\" data-field-id=\"5\"><label class=\"wpforms-field-label\" for=\"wpforms-188-field_5\">Accord RGPD <span class=\"wpforms-required-label\">*<\/span><\/label><ul id=\"wpforms-188-field_5\" class=\"wpforms-field-required\"><li class=\"choice-1\"><input type=\"checkbox\" id=\"wpforms-188-field_5_1\" name=\"wpforms[fields][5][]\" value=\"Je consens \u00e0 ce que ce site stocke mes informations envoy\u00e9es afin qu\u2019ils puissent r\u00e9pondre \u00e0 ma requ\u00eate.\" required ><label class=\"wpforms-field-label-inline\" for=\"wpforms-188-field_5_1\">Je consens \u00e0 ce que ce site stocke mes informations envoy\u00e9es afin qu\u2019ils puissent r\u00e9pondre \u00e0 ma requ\u00eate.<\/label><\/li><\/ul><\/div><\/div><input type=\"hidden\" name=\"wpforms[recaptcha]\" value=\"\"><div class=\"wpforms-submit-container\"><input type=\"hidden\" name=\"wpforms[id]\" value=\"188\"><input type=\"hidden\" name=\"wpforms[author]\" value=\"1\"><button type=\"submit\" name=\"wpforms[submit]\" id=\"wpforms-submit-188\" class=\"wpforms-submit\" data-alt-text=\"Envoi...\" data-submit-text=\"Envoyer\" aria-live=\"assertive\" value=\"wpforms-submit\">Envoyer<\/button><img loading=\"lazy\" decoding=\"async\" src=\"https:\/\/bricehercouet.fr\/site\/wp-content\/plugins\/wpforms\/assets\/images\/submit-spin.svg\" class=\"wpforms-submit-spinner\" style=\"display: none;\" width=\"26\" height=\"26\" alt=\"Chargement en cours\"><\/div><\/form><\/div>  <!-- .wpforms-container -->\n\t\t\t\t<\/div>\n\t\t\t<\/div><div class=\"et_pb_module et_pb_button_module_wrapper et_pb_button_1_wrapper\"><a class=\"et_pb_button_1 et_pb_button et_pb_bg_layout_dark et_pb_module et_block_module\" href=\"https:\/\/bricehercouet.fr\/site\/\" data-icon=\"J\">Retour<\/a><\/div><\/div><\/div><\/div><div class=\"et_pb_section_2 et_pb_section et_section_regular et_block_section\"><div class=\"et_pb_row_2 et_pb_row et_block_row\"><div class=\"et_pb_column_2 et_pb_column et_pb_column_1_3 et_block_column et_pb_css_mix_blend_mode_passthrough\"><div class=\"et_pb_image_1 et_pb_image et_pb_module et_block_module\"><span class=\"et_pb_image_wrap\"><img loading=\"lazy\" decoding=\"async\" src=\"https:\/\/bricehercouet.fr\/site\/wp-content\/uploads\/2021\/12\/Brice-Hercouet-logo-2022-v4-blanc-1.svg\" width=\"100\" height=\"100\" srcset=\"https:\/\/bricehercouet.fr\/site\/wp-content\/uploads\/2021\/12\/Brice-Hercouet-logo-2022-v4-blanc-1.svg 100w\" sizes=\"(min-width: 0px) and (max-width: 0px) 0px, (min-width: 1px) 100px, 100vw\" class=\"wp-image-77\" title=\"Brice Hercouet - logo 2022 v4 (blanc)\" \/><\/span><\/div><\/div><div class=\"et_pb_column_3 et_pb_column et_pb_column_2_3 et-last-child et_block_column et_pb_css_mix_blend_mode_passthrough\"><div class=\"et_pb_text_1 et_pb_text et_pb_bg_layout_light et_pb_module et_block_module\"><div class=\"et_pb_text_inner\"><p>Brice HERCOUET, cr\u00e9ateur de sites web et r\u00e9alisateur de vid\u00e9os live.<br \/>Enregistr\u00e9 \u00e0 l'INSEE sous le num\u00e9ro SIREN 850646639. Statut micro-entreprise.<br \/>Tous droits r\u00e9serv\u00e9s <span>\u00a92022.<\/span><\/p>\n<\/div><\/div><\/div><\/div><\/div>\n","protected":false},"excerpt":{"rendered":"","protected":false},"author":1,"featured_media":0,"parent":0,"menu_order":0,"comment_status":"closed","ping_status":"closed","template":"page-template-blank.php","meta":{"inline_featured_image":false,"_et_pb_use_builder":"on","_et_pb_old_content":"","_et_gb_content_width":"","footnotes":""},"class_list":["post-193","page","type-page","status-publish","hentry"],"_links":{"self":[{"href":"https:\/\/bricehercouet.fr\/site\/wp-json\/wp\/v2\/pages\/193","targetHints":{"allow":["GET"]}}],"collection":[{"href":"https:\/\/bricehercouet.fr\/site\/wp-json\/wp\/v2\/pages"}],"about":[{"href":"https:\/\/bricehercouet.fr\/site\/wp-json\/wp\/v2\/types\/page"}],"author":[{"embeddable":true,"href":"https:\/\/bricehercouet.fr\/site\/wp-json\/wp\/v2\/users\/1"}],"replies":[{"embeddable":true,"href":"https:\/\/bricehercouet.fr\/site\/wp-json\/wp\/v2\/comments?post=193"}],"version-history":[{"count":15,"href":"https:\/\/bricehercouet.fr\/site\/wp-json\/wp\/v2\/pages\/193\/revisions"}],"predecessor-version":[{"id":253,"href":"https:\/\/bricehercouet.fr\/site\/wp-json\/wp\/v2\/pages\/193\/revisions\/253"}],"wp:attachment":[{"href":"https:\/\/bricehercouet.fr\/site\/wp-json\/wp\/v2\/media?parent=193"}],"curies":[{"name":"wp","href":"https:\/\/api.w.org\/{rel}","templated":true}]}}